{"id":131,"date":"2023-07-10T11:20:10","date_gmt":"2023-07-10T11:20:10","guid":{"rendered":"https:\/?page_id=131"},"modified":"2023-09-09T00:23:51","modified_gmt":"2023-09-09T00:23:51","slug":"hotel-sao-francisco-em-jericoacoara","status":"publish","type":"page","link":"https:\/\/sfjericoacoarahotel.com.br\/index.php\/hotel-sao-francisco-em-jericoacoara\/","title":{"rendered":"Hotel S\u00e3o Francisco em Jericoacoara"},"content":{"rendered":"\t\t<div data-elementor-type=\"wp-page\" data-elementor-id=\"131\" class=\"elementor elementor-131\">\n\t\t\t\t\t\t<section class=\"elementor-section elementor-top-section elementor-element elementor-element-29fe6042 elementor-section-boxed elementor-section-height-default elementor-section-height-default\" data-id=\"29fe6042\" data-element_type=\"section\" data-e-type=\"section\">\n\t\t\t\t\t\t<div class=\"elementor-container elementor-column-gap-default\">\n\t\t\t\t\t<div class=\"elementor-column elementor-col-100 elementor-top-column elementor-element elementor-element-778b167b\" data-id=\"778b167b\" data-element_type=\"column\" data-e-type=\"column\">\n\t\t\t<div class=\"elementor-widget-wrap elementor-element-populated\">\n\t\t\t\t\t\t<div class=\"elementor-element elementor-element-bec0e75 elementor-widget elementor-widget-text-editor\" data-id=\"bec0e75\" data-element_type=\"widget\" data-e-type=\"widget\" data-widget_type=\"text-editor.default\">\n\t\t\t\t<div class=\"elementor-widget-container\">\n\t\t\t\t\t\t\t\t\t\n<p>O Hotel S\u00e3o Francisco em Jericoacoara \u00e9 um estabelecimento que abriu suas portas em 2017, tornando-se um destino popular para os visitantes que desejam aproveitar as belezas naturais desta encantadora vila litor\u00e2nea no nordeste do Brasil. O hotel \u00e9 caracterizado por diferentes categorias de hospedagem entre suites, apartamentos e lofts.<\/p>\n\n\n\n<p>O Hotel S\u00e3o Francisco destaca-se por sua localiza\u00e7\u00e3o privilegiada, situado na rua s\u00e3o Francisco no centro de Jeri.Os h\u00f3spedes podem desfrutar de f\u00e1cil acesso a p\u00e9 a uma variedade de atrativos, como a praia. A pra\u00e7a principal e os restaurantes, bares e lojas a poucos passos do hotel.<\/p>\n\n\n\n<p>Com acomoda\u00e7\u00f5es confort\u00e1veis e bem decoradas, o hotel oferece diferentes categorias de hospedagem, das mais econ\u00f4micas as mais luxuosas. A equipe atenciosa e hospitaleira garante que os h\u00f3spedes tenham uma estadia agrad\u00e1vel, proporcionando um servi\u00e7o personalizado.<\/p>\n\n\n\n<p>O Hotel S\u00e3o Francisco tamb\u00e9m se destaca pelo seu caf\u00e9 da manh\u00e3 continental, que oferece uma sele\u00e7\u00e3o de p\u00e3es frescos, frutas tropicais, sucos e bebidas quentes, complementado por pratos t\u00edpicos da regi\u00e3o, como tapiocas e cuscuz. Os h\u00f3spedes podem desfrutar dessa refei\u00e7ao no bar do hotel em frente a rua s\u00e3o Francisco.<\/p>\n\n\n\n<p>Al\u00e9m disso, o hotel oferece facilidades como piscina, bar, servi\u00e7o de traslado e passeios pela regi\u00e3o, garantindo que os h\u00f3spedes tenham uma estadia relaxante e aproveitem ao m\u00e1ximo sua experi\u00eancia em Jericoacoara.<\/p>\n\n\n\n<p>Em resumo, o Hotel S\u00e3o Francisco \u00e9 uma op\u00e7\u00e3o para quem busca hospedagem de qualidade em Jericoacoara. Com sua localiza\u00e7\u00e3o privilegiada, atmosfera acolhedora e servi\u00e7o atencioso, \u00e9 uma excelente escolha para desfrutar o melhor da sua estadia em Jericoacoara.<\/p>\n\t\t\t\t\t\t\t\t<\/div>\n\t\t\t\t<\/div>\n\t\t\t\t\t<\/div>\n\t\t<\/div>\n\t\t\t\t\t<\/div>\n\t\t<\/section>\n\t\t\t\t<section class=\"elementor-section elementor-top-section elementor-element elementor-element-8f9150f elementor-section-boxed elementor-section-height-default elementor-section-height-default\" data-id=\"8f9150f\" data-element_type=\"section\" data-e-type=\"section\">\n\t\t\t\t\t\t<div class=\"elementor-container elementor-column-gap-default\">\n\t\t\t\t\t<div class=\"elementor-column elementor-col-100 elementor-top-column elementor-element elementor-element-611c97a\" data-id=\"611c97a\" data-element_type=\"column\" data-e-type=\"column\">\n\t\t\t<div class=\"elementor-widget-wrap elementor-element-populated\">\n\t\t\t\t\t\t<div class=\"elementor-element elementor-element-2a131f8 elementor-widget-divider--view-line elementor-widget elementor-widget-divider\" data-id=\"2a131f8\" data-element_type=\"widget\" data-e-type=\"widget\" data-widget_type=\"divider.default\">\n\t\t\t\t<div class=\"elementor-widget-container\">\n\t\t\t\t\t\t\t<div class=\"elementor-divider\">\n\t\t\t<span class=\"elementor-divider-separator\">\n\t\t\t\t\t\t<\/span>\n\t\t<\/div>\n\t\t\t\t\t\t<\/div>\n\t\t\t\t<\/div>\n\t\t\t\t\t<\/div>\n\t\t<\/div>\n\t\t\t\t\t<\/div>\n\t\t<\/section>\n\t\t\t\t<section class=\"elementor-section elementor-top-section elementor-element elementor-element-8afc415 elementor-section-boxed elementor-section-height-default elementor-section-height-default\" data-id=\"8afc415\" data-element_type=\"section\" data-e-type=\"section\">\n\t\t\t\t\t\t<div class=\"elementor-container elementor-column-gap-default\">\n\t\t\t\t\t<div class=\"elementor-column elementor-col-100 elementor-top-column elementor-element elementor-element-a087fe7\" data-id=\"a087fe7\" data-element_type=\"column\" data-e-type=\"column\">\n\t\t\t<div class=\"elementor-widget-wrap\">\n\t\t\t\t\t\t\t<\/div>\n\t\t<\/div>\n\t\t\t\t\t<\/div>\n\t\t<\/section>\n\t\t\t\t<section class=\"elementor-section elementor-top-section elementor-element elementor-element-f9ab98e elementor-section-boxed elementor-section-height-default elementor-section-height-default\" data-id=\"f9ab98e\" data-element_type=\"section\" data-e-type=\"section\">\n\t\t\t\t\t\t<div class=\"elementor-container elementor-column-gap-default\">\n\t\t\t\t\t<div class=\"elementor-column elementor-col-100 elementor-top-column elementor-element elementor-element-2ff5230\" data-id=\"2ff5230\" data-element_type=\"column\" data-e-type=\"column\">\n\t\t\t<div class=\"elementor-widget-wrap elementor-element-populated\">\n\t\t\t\t\t\t<div class=\"elementor-element elementor-element-f4104f6 elementor-widget elementor-widget-theme-site-logo\" data-id=\"f4104f6\" data-element_type=\"widget\" data-e-type=\"widget\" data-widget_type=\"theme-site-logo.default\">\n\t\t\t\t<div class=\"elementor-widget-container\">\n\t\t\t\t\t \t\t\t\t<\/div>\n\t\t\t\t<\/div>\n\t\t\t\t\t<\/div>\n\t\t<\/div>\n\t\t\t\t\t<\/div>\n\t\t<\/section>\n\t\t\t\t<section class=\"elementor-section elementor-top-section elementor-element elementor-element-386acd6 elementor-section-boxed elementor-section-height-default elementor-section-height-default\" data-id=\"386acd6\" data-element_type=\"section\" data-e-type=\"section\">\n\t\t\t\t\t\t<div class=\"elementor-container elementor-column-gap-default\">\n\t\t\t\t\t<div class=\"elementor-column elementor-col-100 elementor-top-column elementor-element elementor-element-8c77273\" data-id=\"8c77273\" data-element_type=\"column\" data-e-type=\"column\">\n\t\t\t<div class=\"elementor-widget-wrap elementor-element-populated\">\n\t\t\t\t\t\t<div class=\"elementor-element elementor-element-0a3da4b elementor-widget elementor-widget-spacer\" data-id=\"0a3da4b\" data-element_type=\"widget\" data-e-type=\"widget\" data-widget_type=\"spacer.default\">\n\t\t\t\t<div class=\"elementor-widget-container\">\n\t\t\t\t\t\t\t<div class=\"elementor-spacer\">\n\t\t\t<div class=\"elementor-spacer-inner\"><\/div>\n\t\t<\/div>\n\t\t\t\t\t\t<\/div>\n\t\t\t\t<\/div>\n\t\t\t\t\t<\/div>\n\t\t<\/div>\n\t\t\t\t\t<\/div>\n\t\t<\/section>\n\t\t\t\t<footer class=\"elementor-section elementor-top-section elementor-element elementor-element-3a92754 elementor-section-boxed elementor-section-height-default elementor-section-height-default\" data-id=\"3a92754\" data-element_type=\"section\" data-e-type=\"section\">\n\t\t\t\t\t\t<div class=\"elementor-container elementor-column-gap-default\">\n\t\t\t\t\t<footer class=\"elementor-column elementor-col-100 elementor-top-column elementor-element elementor-element-a234de3\" data-id=\"a234de3\" data-element_type=\"column\" data-e-type=\"column\">\n\t\t\t<div class=\"elementor-widget-wrap elementor-element-populated\">\n\t\t\t\t\t\t<div class=\"elementor-element elementor-element-2ffe0d6 elementor-widget__width-auto elementor-widget elementor-widget-nav-menu\" data-id=\"2ffe0d6\" data-element_type=\"widget\" data-e-type=\"widget\" data-widget_type=\"nav-menu.default\">\n\t\t\t\t<div class=\"elementor-widget-container\">\n\t\t\t\t\t \t\t\t\t<\/div>\n\t\t\t\t<\/div>\n\t\t\t\t<div class=\"elementor-element elementor-element-794d57e e-grid-align-right elementor-shape-rounded elementor-grid-0 elementor-widget elementor-widget-social-icons\" data-id=\"794d57e\" data-element_type=\"widget\" data-e-type=\"widget\" data-widget_type=\"social-icons.default\">\n\t\t\t\t<div class=\"elementor-widget-container\">\n\t\t\t\t\t\t\t<div class=\"elementor-social-icons-wrapper elementor-grid\" role=\"list\">\n\t\t\t\t\t\t\t<span class=\"elementor-grid-item\" role=\"listitem\">\n\t\t\t\t\t<a class=\"elementor-icon elementor-social-icon elementor-social-icon-facebook elementor-repeater-item-2df223b\" href=\"https:\/\/www.facebook.com\/profile.php?id=100060450860726\" target=\"_blank\">\n\t\t\t\t\t\t<span class=\"elementor-screen-only\">Facebook<\/span>\n\t\t\t\t\t\t<i aria-hidden=\"true\" class=\"fab fa-facebook\"><\/i>\t\t\t\t\t<\/a>\n\t\t\t\t<\/span>\n\t\t\t\t\t\t\t<span class=\"elementor-grid-item\" role=\"listitem\">\n\t\t\t\t\t<a class=\"elementor-icon elementor-social-icon elementor-social-icon-whatsapp elementor-repeater-item-ca8c3f9\" href=\"https:\/\/whatsa.me\/5588997760511\/?t=Estava%20no%20site%20e%20gostaria%20de%20mais%20informa%C3%A7%C3%B5es.\" target=\"_blank\">\n\t\t\t\t\t\t<span class=\"elementor-screen-only\">Whatsapp<\/span>\n\t\t\t\t\t\t<i aria-hidden=\"true\" class=\"fab fa-whatsapp\"><\/i>\t\t\t\t\t<\/a>\n\t\t\t\t<\/span>\n\t\t\t\t\t\t\t<span class=\"elementor-grid-item\" role=\"listitem\">\n\t\t\t\t\t<a class=\"elementor-icon elementor-social-icon elementor-social-icon-instagram elementor-repeater-item-504340e\" href=\"https:\/\/www.instagram.com\/saofranciscohotel.jeri\/\" target=\"_blank\">\n\t\t\t\t\t\t<span class=\"elementor-screen-only\">Instagram<\/span>\n\t\t\t\t\t\t<i aria-hidden=\"true\" class=\"fab fa-instagram\"><\/i>\t\t\t\t\t<\/a>\n\t\t\t\t<\/span>\n\t\t\t\t\t\t\t<span class=\"elementor-grid-item\" role=\"listitem\">\n\t\t\t\t\t<a class=\"elementor-icon elementor-social-icon elementor-social-icon-envelope elementor-repeater-item-ffe05a4\" href=\"http:\/\/sfjericoacoarahotel@gmail.com\" target=\"_blank\">\n\t\t\t\t\t\t<span class=\"elementor-screen-only\">Envelope<\/span>\n\t\t\t\t\t\t<i aria-hidden=\"true\" class=\"fas fa-envelope\"><\/i>\t\t\t\t\t<\/a>\n\t\t\t\t<\/span>\n\t\t\t\t\t<\/div>\n\t\t\t\t\t\t<\/div>\n\t\t\t\t<\/div>\n\t\t\t\t<div class=\"elementor-element elementor-element-ddd8431 elementor-widget elementor-widget-form\" data-id=\"ddd8431\" data-element_type=\"widget\" data-e-type=\"widget\" data-widget_type=\"form.default\">\n\t\t\t\t<div class=\"elementor-widget-container\">\n\t\t\t\t\t \t\t\t\t<\/div>\n\t\t\t\t<\/div>\n\t\t\t\t<div class=\"elementor-element elementor-element-d66f5ee elementor-widget elementor-widget-theme-site-logo\" data-id=\"d66f5ee\" data-element_type=\"widget\" data-e-type=\"widget\" data-widget_type=\"theme-site-logo.default\">\n\t\t\t\t<div class=\"elementor-widget-container\">\n\t\t\t\t\t \t\t\t\t<\/div>\n\t\t\t\t<\/div>\n\t\t\t\t\t<\/div>\n\t\t<\/footer>\n\t\t\t\t\t<\/div>\n\t\t<\/footer>\n\t\t\t\t<\/div>\n\t\t","protected":false},"excerpt":{"rendered":"<p>O Hotel S\u00e3o Francisco em Jericoacoara \u00e9 um estabelecimento que abriu suas portas em 2017, tornando-se um destino popular para os visitantes que desejam aproveitar as belezas naturais desta encantadora vila litor\u00e2nea no nordeste do Brasil. O hotel \u00e9 caracterizado por diferentes categorias de hospedagem entre suites, apartamentos e lofts. O Hotel S\u00e3o Francisco destaca-se<\/p>\n","protected":false},"author":1,"featured_media":0,"parent":0,"menu_order":0,"comment_status":"closed","ping_status":"closed","template":"","meta":{"footnotes":""},"class_list":["post-131","page","type-page","status-publish","hentry"],"_links":{"self":[{"href":"https:\/\/sfjericoacoarahotel.com.br\/index.php\/wp-json\/wp\/v2\/pages\/131","targetHints":{"allow":["GET"]}}],"collection":[{"href":"https:\/\/sfjericoacoarahotel.com.br\/index.php\/wp-json\/wp\/v2\/pages"}],"about":[{"href":"https:\/\/sfjericoacoarahotel.com.br\/index.php\/wp-json\/wp\/v2\/types\/page"}],"author":[{"embeddable":true,"href":"https:\/\/sfjericoacoarahotel.com.br\/index.php\/wp-json\/wp\/v2\/users\/1"}],"replies":[{"embeddable":true,"href":"https:\/\/sfjericoacoarahotel.com.br\/index.php\/wp-json\/wp\/v2\/comments?post=131"}],"version-history":[{"count":26,"href":"https:\/\/sfjericoacoarahotel.com.br\/index.php\/wp-json\/wp\/v2\/pages\/131\/revisions"}],"predecessor-version":[{"id":1152,"href":"https:\/\/sfjericoacoarahotel.com.br\/index.php\/wp-json\/wp\/v2\/pages\/131\/revisions\/1152"}],"wp:attachment":[{"href":"https:\/\/sfjericoacoarahotel.com.br\/index.php\/wp-json\/wp\/v2\/media?parent=131"}],"curies":[{"name":"wp","href":"https:\/\/api.w.org\/{rel}","templated":true}]}}